{"id":63,"date":"2024-10-09T12:36:25","date_gmt":"2024-10-09T12:36:25","guid":{"rendered":"https:\/\/skjaakmat.no\/butikk1\/?post_type=product&#038;p=63"},"modified":"2025-12-16T05:28:29","modified_gmt":"2025-12-16T05:28:29","slug":"skjakpolse","status":"publish","type":"product","link":"https:\/\/skjaakmat.no\/butikk1\/produkt\/skjakpolse\/","title":{"rendered":"Skj\u00e5kp\u00f8lse liten"},"content":{"rendered":"<p>N\u00e6ringsinnhold pr 100 g:<br \/>\nEnergi (1911 kJ \/ 462 kcal). Fett (38,3g<br \/>\nenumetta fettsyre (16,9g),flerumetta<br \/>\nfettsyre (3,3g),Karbohydrat (3,2 g).<br \/>\nSukkerarter (0,1 g).Protein (20,9 g). Salt (4,6 g).<\/p>\n<p>&nbsp;<\/p>\n","protected":false},"excerpt":{"rendered":"<p>N\u00e6ringsinnhold pr 100 g:<br \/>\nEnergi (1911 kJ \/ 462 kcal). Fett (38,3g<br \/>\nenumetta fettsyre (16,9g),flerumetta<br \/>\nfettsyre (3,3g),Karbohydrat (3,2 g).<br \/>\nSukkerarter (0,1 g).Protein (20,9 g). Salt (4,6 g).<\/p>\n","protected":false},"featured_media":64,"comment_status":"open","ping_status":"closed","template":"","meta":[],"product_cat":[15],"product_tag":[17],"class_list":{"0":"post-63","1":"product","2":"type-product","3":"status-publish","4":"has-post-thumbnail","6":"product_cat-ukategorisert","7":"product_tag-skjakpolse","9":"first","10":"outofstock","11":"taxable","12":"shipping-taxable","13":"purchasable","14":"product-type-simple"},"jetpack_sharing_enabled":true,"_links":{"self":[{"href":"https:\/\/skjaakmat.no\/butikk1\/wp-json\/wp\/v2\/product\/63","targetHints":{"allow":["GET"]}}],"collection":[{"href":"https:\/\/skjaakmat.no\/butikk1\/wp-json\/wp\/v2\/product"}],"about":[{"href":"https:\/\/skjaakmat.no\/butikk1\/wp-json\/wp\/v2\/types\/product"}],"replies":[{"embeddable":true,"href":"https:\/\/skjaakmat.no\/butikk1\/wp-json\/wp\/v2\/comments?post=63"}],"wp:featuredmedia":[{"embeddable":true,"href":"https:\/\/skjaakmat.no\/butikk1\/wp-json\/wp\/v2\/media\/64"}],"wp:attachment":[{"href":"https:\/\/skjaakmat.no\/butikk1\/wp-json\/wp\/v2\/media?parent=63"}],"wp:term":[{"taxonomy":"product_cat","embeddable":true,"href":"https:\/\/skjaakmat.no\/butikk1\/wp-json\/wp\/v2\/product_cat?post=63"},{"taxonomy":"product_tag","embeddable":true,"href":"https:\/\/skjaakmat.no\/butikk1\/wp-json\/wp\/v2\/product_tag?post=63"}],"curies":[{"name":"wp","href":"https:\/\/api.w.org\/{rel}","templated":true}]}}